{"id":677,"date":"2025-09-10T19:13:13","date_gmt":"2025-09-10T17:13:13","guid":{"rendered":"https:\/\/www.fbosch.de\/fbone-digital-upper-arm-blood-pressure-monitor\/"},"modified":"2026-03-28T17:27:57","modified_gmt":"2026-03-28T16:27:57","slug":"fbone-digital-upper-arm-blood-pressure-monitor","status":"publish","type":"page","link":"https:\/\/www.fbosch.de\/en\/products\/fbone-digital-upper-arm-blood-pressure-monitor\/","title":{"rendered":"FBone &#8211; Digital upper arm blood pressure monitor"},"content":{"rendered":"<p>[et_pb_section fb_built=&#8221;1&#8243; admin_label=&#8221;Header&#8221; _builder_version=&#8221;4.27.4&#8243; overflow-x=&#8221;hidden&#8221; overflow-y=&#8221;hidden&#8221; custom_margin=&#8221;||||false|false&#8221; custom_padding=&#8221;||||false|false&#8221; da_disable_devices=&#8221;off|off|off&#8221; border_width_right=&#8221;0vw&#8221; border_color_right=&#8221;gcid-aad26571-aa48-4af7-a386-f5f30265e13b&#8221; border_width_bottom=&#8221;1px&#8221; border_color_bottom=&#8221;gcid-ebf9440c-8deb-4074-bbfb-b74bfaee4939&#8243; box_shadow_style=&#8221;preset7&#8243; box_shadow_horizontal=&#8221;-30vw&#8221; box_shadow_vertical=&#8221;0px&#8221; box_shadow_color=&#8221;gcid-aad26571-aa48-4af7-a386-f5f30265e13b&#8221; global_colors_info=&#8221;{%22gcid-ebf9440c-8deb-4074-bbfb-b74bfaee4939%22:%91%22border_color_top%22,%22border_color_bottom%22%93,%22gcid-aad26571-aa48-4af7-a386-f5f30265e13b%22:%91%22border_color_left%22,%22box_shadow_color%22,%22box_shadow_color%22,%22border_color_right%22%93}&#8221; da_is_popup=&#8221;off&#8221; da_exit_intent=&#8221;off&#8221; da_has_close=&#8221;on&#8221; da_alt_close=&#8221;off&#8221; da_dark_close=&#8221;off&#8221; da_not_modal=&#8221;on&#8221; da_is_singular=&#8221;off&#8221; da_with_loader=&#8221;off&#8221; da_has_shadow=&#8221;on&#8221;][et_pb_row column_structure=&#8221;1_2,1_2&#8243; _builder_version=&#8221;4.27.4&#8243; global_colors_info=&#8221;{}&#8221;][et_pb_column type=&#8221;1_2&#8243; _builder_version=&#8221;4.27.4&#8243; custom_padding=&#8221;100px||||false|false&#8221; custom_padding_tablet=&#8221;0px||||false|false&#8221; custom_padding_phone=&#8221;&#8221; custom_padding_last_edited=&#8221;on|tablet&#8221; global_colors_info=&#8221;{}&#8221;][et_pb_image src=&#8221;https:\/\/www.fbosch.de\/wp-content\/uploads\/2025\/10\/FBone-text.webp&#8221; alt=&#8221;Fbone text&#8221; title_text=&#8221;FBone text&#8221; _builder_version=&#8221;4.27.6&#8243; _module_preset=&#8221;default&#8221; max_height=&#8221;100px&#8221; global_module=&#8221;330&#8243; saved_tabs=&#8221;all&#8221; global_colors_info=&#8221;{}&#8221;][\/et_pb_image][et_pb_text _builder_version=&#8221;4.27.4&#8243; max_width=&#8221;800px&#8221; custom_margin=&#8221;||||false|false&#8221; custom_margin_tablet=&#8221;|||0vw|false|false&#8221; custom_margin_last_edited=&#8221;off|desktop&#8221; locked=&#8221;off&#8221; global_colors_info=&#8221;{}&#8221;]<\/p>\n<h1>Digital upper arm blood pressure monitor<\/h1>\n<p>[\/et_pb_text][et_pb_text _builder_version=&#8221;4.27.4&#8243; text_font=&#8221;barlow-cond-400||||||||&#8221; text_font_size=&#8221;30px&#8221; text_line_height=&#8221;1.6em&#8221; max_width=&#8221;800px&#8221; custom_padding=&#8221;||0px|||&#8221; text_font_size_phone=&#8221;14px&#8221; text_font_size_last_edited=&#8221;off|desktop&#8221; text_line_height_phone=&#8221;1.7em&#8221; text_line_height_last_edited=&#8221;off|desktop&#8221; locked=&#8221;off&#8221; global_colors_info=&#8221;{}&#8221;]<\/p>\n<p>Over 100 years of blood pressure expertise developed for professionals.<\/p>\n<p>[\/et_pb_text][et_pb_image src=&#8221;https:\/\/www.fbosch.de\/wp-content\/uploads\/2026\/01\/fbosch-logo-medizintechnik.webp&#8221; alt=&#8221;Fbosch logo medizintechnik&#8221; title_text=&#8221;fbosch-logo-medizintechnik&#8221; _builder_version=&#8221;4.27.5&#8243; _module_preset=&#8221;default&#8221; max_width=&#8221;400px&#8221; custom_margin=&#8221;80px|||||&#8221; global_colors_info=&#8221;{}&#8221;][\/et_pb_image][\/et_pb_column][et_pb_column type=&#8221;1_2&#8243; _builder_version=&#8221;4.27.4&#8243; global_colors_info=&#8221;{}&#8221;][et_pb_image src=&#8221;https:\/\/www.fbosch.de\/wp-content\/uploads\/2025\/10\/FBone-Blutdruckmessung-digital.webp&#8221; alt=&#8221;Fbone blood pressure measurement digital&#8221; title_text=&#8221;FBone blood pressure measurement digital&#8221; _builder_version=&#8221;4.27.4&#8243; custom_margin=&#8221;|-14vw|||false|false&#8221; custom_margin_tablet=&#8221;|0vw|||false|false&#8221; custom_margin_phone=&#8221;&#8221; custom_margin_last_edited=&#8221;on|desktop&#8221; global_colors_info=&#8221;{}&#8221;][\/et_pb_image][\/et_pb_column][\/et_pb_row][\/et_pb_section][et_pb_section fb_built=&#8221;1&#8243; _builder_version=&#8221;4.27.4&#8243; _module_preset=&#8221;default&#8221; background_color=&#8221;#ededed&#8221; da_disable_devices=&#8221;off|off|off&#8221; global_colors_info=&#8221;{}&#8221; da_is_popup=&#8221;off&#8221; da_exit_intent=&#8221;off&#8221; da_has_close=&#8221;on&#8221; da_alt_close=&#8221;off&#8221; da_dark_close=&#8221;off&#8221; da_not_modal=&#8221;on&#8221; da_is_singular=&#8221;off&#8221; da_with_loader=&#8221;off&#8221; da_has_shadow=&#8221;on&#8221;][et_pb_row _builder_version=&#8221;4.27.4&#8243; _module_preset=&#8221;default&#8221; global_colors_info=&#8221;{}&#8221;][et_pb_column type=&#8221;4_4&#8243; _builder_version=&#8221;4.27.4&#8243; _module_preset=&#8221;default&#8221; global_colors_info=&#8221;{}&#8221;][et_pb_image src=&#8221;https:\/\/www.fbosch.de\/wp-content\/uploads\/2025\/11\/BIHS.webp&#8221; alt=&#8221;Bihs&#8221; title_text=&#8221;BIHS&#8221; align=&#8221;center&#8221; _builder_version=&#8221;4.27.4&#8243; _module_preset=&#8221;default&#8221; module_alignment=&#8221;center&#8221; max_height=&#8221;300px&#8221; global_colors_info=&#8221;{}&#8221;][\/et_pb_image][et_pb_text _builder_version=&#8221;4.27.4&#8243; _module_preset=&#8221;default&#8221; text_orientation=&#8221;center&#8221; max_width=&#8221;800px&#8221; module_alignment=&#8221;center&#8221; global_colors_info=&#8221;{}&#8221;]<\/p>\n<h2>Clinically validated according to the high requirements of several international hypertension leagues<\/h2>\n<p>[\/et_pb_text][\/et_pb_column][\/et_pb_row][\/et_pb_section][et_pb_section fb_built=&#8221;1&#8243; admin_label=&#8221;Ergebnisse&#8221; _builder_version=&#8221;4.27.4&#8243; top_divider_color=&#8221;gcid-aad26571-aa48-4af7-a386-f5f30265e13b&#8221; top_divider_height=&#8221;400px&#8221; top_divider_repeat=&#8221;1x&#8221; da_disable_devices=&#8221;off|off|off&#8221; border_color_top=&#8221;gcid-aad26571-aa48-4af7-a386-f5f30265e13b&#8221; global_colors_info=&#8221;{%22gcid-aad26571-aa48-4af7-a386-f5f30265e13b%22:%91%22top_divider_color%22,%22border_color_top%22%93}&#8221; da_is_popup=&#8221;off&#8221; da_exit_intent=&#8221;off&#8221; da_has_close=&#8221;on&#8221; da_alt_close=&#8221;off&#8221; da_dark_close=&#8221;off&#8221; da_not_modal=&#8221;on&#8221; da_is_singular=&#8221;off&#8221; da_with_loader=&#8221;off&#8221; da_has_shadow=&#8221;on&#8221;][et_pb_row _builder_version=&#8221;4.16&#8243; global_colors_info=&#8221;{}&#8221;][et_pb_column type=&#8221;4_4&#8243; _builder_version=&#8221;4.16&#8243; global_colors_info=&#8221;{}&#8221;][et_pb_text _builder_version=&#8221;4.27.4&#8243; header_font_size=&#8221;54px&#8221; header_2_font_size=&#8221;50px&#8221; header_4_font=&#8221;Roboto|700||on|||||&#8221; header_4_text_color=&#8221;#ff7145&#8243; header_4_font_size=&#8221;14px&#8221; header_4_letter_spacing=&#8221;2px&#8221; header_4_line_height=&#8221;1.5em&#8221; max_width=&#8221;600px&#8221; header_4_font_size_tablet=&#8221;16px&#8221; header_4_font_size_phone=&#8221;14px&#8221; header_4_font_size_last_edited=&#8221;off|tablet&#8221; locked=&#8221;off&#8221; global_colors_info=&#8221;{}&#8221;]<\/p>\n<h2 class=\"p1\">Understand your results<\/h2>\n<p>[\/et_pb_text][\/et_pb_column][\/et_pb_row][et_pb_row column_structure=&#8221;1_2,1_2&#8243; _builder_version=&#8221;4.27.5&#8243; custom_padding=&#8221;||58px|||&#8221; global_colors_info=&#8221;{}&#8221;][et_pb_column type=&#8221;1_2&#8243; _builder_version=&#8221;4.16&#8243; global_colors_info=&#8221;{}&#8221;][et_pb_text _builder_version=&#8221;4.27.5&#8243; _module_preset=&#8221;default&#8221; global_colors_info=&#8221;{}&#8221;]<\/p>\n<p>Das Display Ihres Digitalen Oberarm-Blutdruckmessger\u00e4ts ist \u00fcbersichtlich aufgebaut und zeigt Ihnen w\u00e4hrend und nach der Messung alle relevanten Informationen auf einen Blick. Neben den gro\u00dfen Ziffern, die den systolischen und diastolischen Blutdruck zeigen, erm\u00f6glicht die linke Skala die Einordnung der Ergebnisse nach WHO-Klassifikation. <\/p>\n<p>Features such as cuff pressure control, the rest indicator, and <span>arrhythmia detection<\/span> help ensure that measurements are taken correctly and that any irregularities are detected. Two separate memory slots allow you to store readings clearly and review them later. <\/p>\n<p>[\/et_pb_text][\/et_pb_column][et_pb_column type=&#8221;1_2&#8243; _builder_version=&#8221;4.16&#8243; global_colors_info=&#8221;{}&#8221;][et_pb_image src=&#8221;https:\/\/www.fbosch.de\/wp-content\/uploads\/2026\/01\/FBone-Anzeige-verstehen.webp&#8221; alt=&#8221;Understanding FBone displays&#8221; title_text=&#8221;Understanding FBone displays&#8221; show_in_lightbox=&#8221;on&#8221; _builder_version=&#8221;4.27.5&#8243; _module_preset=&#8221;default&#8221; global_colors_info=&#8221;{}&#8221;][\/et_pb_image][\/et_pb_column][\/et_pb_row][et_pb_row column_structure=&#8221;1_2,1_2&#8243; _builder_version=&#8221;4.27.4&#8243; _module_preset=&#8221;default&#8221; global_colors_info=&#8221;{}&#8221;][et_pb_column type=&#8221;1_2&#8243; _builder_version=&#8221;4.27.4&#8243; _module_preset=&#8221;default&#8221; background_enable_color=&#8221;off&#8221; global_colors_info=&#8221;{%22gcid-aad26571-aa48-4af7-a386-f5f30265e13b%22:%91%22background_color%22%93}&#8221;][et_pb_image src=&#8221;https:\/\/www.fbosch.de\/wp-content\/uploads\/2026\/01\/FBone-Detail-Anzeigen.webp&#8221; alt=&#8221;FBone Details&#8221; title_text=&#8221;FBone Details&#8221; _builder_version=&#8221;4.27.5&#8243; _module_preset=&#8221;default&#8221; global_colors_info=&#8221;{}&#8221;][\/et_pb_image][\/et_pb_column][et_pb_column type=&#8221;1_2&#8243; _builder_version=&#8221;4.27.4&#8243; _module_preset=&#8221;default&#8221; background_enable_color=&#8221;off&#8221; global_colors_info=&#8221;{%22gcid-aad26571-aa48-4af7-a386-f5f30265e13b%22:%91%22background_color%22%93}&#8221;][et_pb_image src=&#8221;https:\/\/www.fbosch.de\/wp-content\/uploads\/2026\/01\/FBone-Funktionen.webp&#8221; alt=&#8221;FBone features&#8221; title_text=&#8221;FBone featuresFBone-Funktionen&#8221; show_in_lightbox=&#8221;on&#8221; _builder_version=&#8221;4.27.5&#8243; _module_preset=&#8221;default&#8221; global_colors_info=&#8221;{}&#8221;][\/et_pb_image][\/et_pb_column][\/et_pb_row][\/et_pb_section][et_pb_section fb_built=&#8221;1&#8243; _builder_version=&#8221;4.27.4&#8243; _module_preset=&#8221;default&#8221; custom_margin=&#8221;||||false|false&#8221; custom_padding=&#8221;||||false|false&#8221; da_disable_devices=&#8221;off|off|off&#8221; border_width_top=&#8221;1px&#8221; border_color_top=&#8221;gcid-ebf9440c-8deb-4074-bbfb-b74bfaee4939&#8243; border_width_left=&#8221;0vw&#8221; border_color_left=&#8221;gcid-aad26571-aa48-4af7-a386-f5f30265e13b&#8221; box_shadow_style=&#8221;preset7&#8243; box_shadow_horizontal=&#8221;30vw&#8221; box_shadow_vertical=&#8221;0px&#8221; box_shadow_color=&#8221;gcid-aad26571-aa48-4af7-a386-f5f30265e13b&#8221; global_colors_info=&#8221;{%22gcid-ebf9440c-8deb-4074-bbfb-b74bfaee4939%22:%91%22border_color_top%22%93,%22gcid-aad26571-aa48-4af7-a386-f5f30265e13b%22:%91%22border_color_left%22,%22box_shadow_color%22%93}&#8221; da_is_popup=&#8221;off&#8221; da_exit_intent=&#8221;off&#8221; da_has_close=&#8221;on&#8221; da_alt_close=&#8221;off&#8221; da_dark_close=&#8221;off&#8221; da_not_modal=&#8221;on&#8221; da_is_singular=&#8221;off&#8221; da_with_loader=&#8221;off&#8221; da_has_shadow=&#8221;on&#8221;][\/et_pb_section][et_pb_section fb_built=&#8221;1&#8243; admin_label=&#8221;Features&#8221; _builder_version=&#8221;4.27.4&#8243; background_enable_image=&#8221;off&#8221; da_disable_devices=&#8221;off|off|off&#8221; box_shadow_style=&#8221;preset7&#8243; box_shadow_horizontal=&#8221;-30vw&#8221; box_shadow_vertical=&#8221;0px&#8221; box_shadow_color=&#8221;gcid-ebf9440c-8deb-4074-bbfb-b74bfaee4939&#8243; global_colors_info=&#8221;{%22gcid-ebf9440c-8deb-4074-bbfb-b74bfaee4939%22:%91%22box_shadow_color%22%93}&#8221; da_is_popup=&#8221;off&#8221; da_exit_intent=&#8221;off&#8221; da_has_close=&#8221;on&#8221; da_alt_close=&#8221;off&#8221; da_dark_close=&#8221;off&#8221; da_not_modal=&#8221;on&#8221; da_is_singular=&#8221;off&#8221; da_with_loader=&#8221;off&#8221; da_has_shadow=&#8221;on&#8221;][et_pb_row column_structure=&#8221;1_2,1_2&#8243; _builder_version=&#8221;4.27.4&#8243; global_colors_info=&#8221;{}&#8221;][et_pb_column type=&#8221;1_2&#8243; _builder_version=&#8221;4.27.4&#8243; global_colors_info=&#8221;{}&#8221;][et_pb_image src=&#8221;https:\/\/www.fbosch.de\/wp-content\/uploads\/2025\/10\/FBone-text.webp&#8221; alt=&#8221;Fbone text&#8221; title_text=&#8221;FBone text&#8221; _builder_version=&#8221;4.27.6&#8243; _module_preset=&#8221;default&#8221; max_height=&#8221;100px&#8221; global_module=&#8221;330&#8243; saved_tabs=&#8221;all&#8221; global_colors_info=&#8221;{}&#8221;][\/et_pb_image][et_pb_text _builder_version=&#8221;4.27.4&#8243; header_4_font=&#8221;Roboto|700||on|||||&#8221; header_4_text_color=&#8221;#ff7145&#8243; header_4_font_size=&#8221;14px&#8221; header_4_letter_spacing=&#8221;2px&#8221; header_4_line_height=&#8221;1.5em&#8221; max_width=&#8221;600px&#8221; header_4_font_size_tablet=&#8221;16px&#8221; header_4_font_size_phone=&#8221;14px&#8221; header_4_font_size_last_edited=&#8221;off|tablet&#8221; locked=&#8221;off&#8221; global_colors_info=&#8221;{}&#8221;]<\/p>\n<h2 class=\"p1\">Digital upper arm blood pressure monitor<\/h2>\n<p>[\/et_pb_text][et_pb_image src=&#8221;https:\/\/www.fbosch.de\/wp-content\/uploads\/2025\/10\/FBone-Blutdruckmessung-digital.webp&#8221; alt=&#8221;Fbone blood pressure measurement digital&#8221; title_text=&#8221;FBone blood pressure measurement digital&#8221; _builder_version=&#8221;4.27.4&#8243; _module_preset=&#8221;default&#8221; max_width=&#8221;400px&#8221; module_alignment=&#8221;right&#8221; global_colors_info=&#8221;{}&#8221;][\/et_pb_image][\/et_pb_column][et_pb_column type=&#8221;1_2&#8243; _builder_version=&#8221;4.27.4&#8243; background_color=&#8221;#FFFFFF&#8221; custom_padding=&#8221;80px|60px|80px|60px|false|true&#8221; custom_padding_tablet=&#8221;50px|50px|50px|50px|true|true&#8221; custom_padding_phone=&#8221;40px|40px|40px|40px|true|true&#8221; custom_padding_last_edited=&#8221;on|phone&#8221; box_shadow_style=&#8221;preset2&#8243; global_colors_info=&#8221;{}&#8221;][et_pb_blurb image=&#8221;https:\/\/www.fbosch.de\/wp-content\/uploads\/2025\/09\/Klinisch-validiert.svg&#8221; alt=&#8221;Clinically validated&#8221; image_icon_width=&#8221;60px&#8221; _builder_version=&#8221;4.27.4&#8243; _module_preset=&#8221;default&#8221; header_font=&#8221;barlow-cond-700||||||||&#8221; body_font=&#8221;barlow-cond-400||||||||&#8221; image_icon_custom_margin=&#8221;8px||||false|false&#8221; global_colors_info=&#8221;{}&#8221;]<\/p>\n<p><strong>Clinically validated<\/strong><br \/>for reliable results<\/p>\n<p>[\/et_pb_blurb][et_pb_blurb image=&#8221;https:\/\/www.fbosch.de\/wp-content\/uploads\/2025\/09\/Arrhytmieerkennung.svg&#8221; alt=&#8221;Arrhythmia detection&#8221; image_icon_width=&#8221;60px&#8221; _builder_version=&#8221;4.27.6&#8243; _module_preset=&#8221;default&#8221; header_font=&#8221;barlow-cond-700||||||||&#8221; body_font=&#8221;barlow-cond-400||||||||&#8221; image_icon_custom_margin=&#8221;8px||||false|false&#8221; hover_enabled=&#8221;0&#8243; global_colors_info=&#8221;{}&#8221; sticky_enabled=&#8221;0&#8243;]<strong>Arrhythmia detection <\/strong><br \/>\nIrregular heartbeat detection[\/et_pb_blurb][et_pb_blurb image=&#8221;https:\/\/www.fbosch.de\/wp-content\/uploads\/2025\/09\/Armumfang.svg&#8221; alt=&#8221;Arm circumference&#8221; image_icon_width=&#8221;60px&#8221; _builder_version=&#8221;4.27.4&#8243; _module_preset=&#8221;default&#8221; header_font=&#8221;barlow-cond-700||||||||&#8221; body_font=&#8221;barlow-cond-400||||||||&#8221; image_icon_custom_margin=&#8221;8px||||false|false&#8221; global_colors_info=&#8221;{}&#8221;]<\/p>\n<p>For <strong>arm circumference 22\u201342\u202fcm<\/strong> <br \/>including cuff fit check<\/p>\n<p>[\/et_pb_blurb][et_pb_blurb image=&#8221;https:\/\/www.fbosch.de\/wp-content\/uploads\/2025\/09\/Speicher.svg&#8221; alt=&#8221;Memory&#8221; image_icon_width=&#8221;60px&#8221; _builder_version=&#8221;4.27.4&#8243; _module_preset=&#8221;default&#8221; header_font=&#8221;barlow-cond-700||||||||&#8221; body_font=&#8221;barlow-cond-400||||||||&#8221; image_icon_custom_margin=&#8221;8px||||false|false&#8221; global_colors_info=&#8221;{}&#8221;]<\/p>\n<p><strong>2 x 90 memory slots:<\/strong> <br \/>Indication of values acc. to WHO scale<\/p>\n<p>[\/et_pb_blurb][et_pb_blurb image=&#8221;https:\/\/www.fbosch.de\/wp-content\/uploads\/2025\/09\/Ruheindikator.svg&#8221; alt=&#8221;Rest indicator&#8221; image_icon_width=&#8221;60px&#8221; _builder_version=&#8221;4.27.4&#8243; _module_preset=&#8221;default&#8221; header_font=&#8221;barlow-cond-700||||||||&#8221; body_font=&#8221;barlow-cond-400||||||||&#8221; image_icon_custom_margin=&#8221;8px||||false|false&#8221; global_colors_info=&#8221;{}&#8221;]<\/p>\n<p>Extra-large display <br \/>with <strong>rest indicator<\/strong> \/ AC adapter compatible<\/p>\n<p>[\/et_pb_blurb][\/et_pb_column][\/et_pb_row][\/et_pb_section][et_pb_section fb_built=&#8221;1&#8243; _builder_version=&#8221;4.27.4&#8243; _module_preset=&#8221;default&#8221; da_disable_devices=&#8221;off|off|off&#8221; global_colors_info=&#8221;{}&#8221; da_is_popup=&#8221;off&#8221; da_exit_intent=&#8221;off&#8221; da_has_close=&#8221;on&#8221; da_alt_close=&#8221;off&#8221; da_dark_close=&#8221;off&#8221; da_not_modal=&#8221;on&#8221; da_is_singular=&#8221;off&#8221; da_with_loader=&#8221;off&#8221; da_has_shadow=&#8221;on&#8221;][et_pb_row column_structure=&#8221;1_2,1_2&#8243; _builder_version=&#8221;4.27.4&#8243; _module_preset=&#8221;default&#8221; background_enable_color=&#8221;off&#8221; global_colors_info=&#8221;{%22gcid-aad26571-aa48-4af7-a386-f5f30265e13b%22:%91%22background_color%22%93}&#8221;][et_pb_column type=&#8221;1_2&#8243; _builder_version=&#8221;4.27.4&#8243; _module_preset=&#8221;default&#8221; background_enable_color=&#8221;off&#8221; global_colors_info=&#8221;{%22gcid-aad26571-aa48-4af7-a386-f5f30265e13b%22:%91%22background_color%22%93}&#8221;][et_pb_image src=&#8221;https:\/\/www.fbosch.de\/wp-content\/uploads\/2025\/09\/2-jahre-garantie.svg&#8221; alt=&#8221;2 year guarantee&#8221; title_text=&#8221;2-year-guarantee&#8221; _builder_version=&#8221;4.27.4&#8243; _module_preset=&#8221;default&#8221; max_width=&#8221;100px&#8221; module_alignment=&#8221;center&#8221; global_colors_info=&#8221;{}&#8221;][\/et_pb_image][et_pb_image src=&#8221;https:\/\/www.fbosch.de\/wp-content\/uploads\/2025\/09\/WHO-vorgaben.svg&#8221; alt=&#8221;Who specifications&#8221; title_text=&#8221;WHO specifications&#8221; _builder_version=&#8221;4.27.4&#8243; _module_preset=&#8221;default&#8221; max_width=&#8221;100px&#8221; module_alignment=&#8221;center&#8221; global_colors_info=&#8221;{}&#8221;][\/et_pb_image][et_pb_image src=&#8221;https:\/\/www.fbosch.de\/wp-content\/uploads\/2025\/09\/klinisch-validiert.svg&#8221; alt=&#8221;Clinically validated&#8221; title_text=&#8221;clinically-validated&#8221; _builder_version=&#8221;4.27.4&#8243; _module_preset=&#8221;default&#8221; max_width=&#8221;100px&#8221; module_alignment=&#8221;center&#8221; custom_margin=&#8221;50px||50px||true|false&#8221; global_colors_info=&#8221;{}&#8221;][\/et_pb_image][\/et_pb_column][et_pb_column type=&#8221;1_2&#8243; _builder_version=&#8221;4.27.4&#8243; _module_preset=&#8221;default&#8221; global_colors_info=&#8221;{}&#8221;][et_pb_image src=&#8221;https:\/\/www.fbosch.de\/wp-content\/uploads\/2025\/10\/FBone-Lieferumfang.webp&#8221; alt=&#8221;Fbone scope of delivery&#8221; title_text=&#8221;FBone scope of delivery&#8221; _builder_version=&#8221;4.27.4&#8243; module_alignment=&#8221;center&#8221; custom_margin=&#8221;|||-15vw|false|false&#8221; custom_margin_tablet=&#8221;|||0vw|false|false&#8221; custom_margin_phone=&#8221;&#8221; custom_margin_last_edited=&#8221;on|desktop&#8221; locked=&#8221;off&#8221; global_colors_info=&#8221;{}&#8221;][\/et_pb_image][\/et_pb_column][\/et_pb_row][\/et_pb_section][et_pb_section fb_built=&#8221;1&#8243; _builder_version=&#8221;4.27.4&#8243; _module_preset=&#8221;default&#8221; background_enable_color=&#8221;off&#8221; use_background_color_gradient=&#8221;on&#8221; background_color_gradient_direction=&#8221;270deg&#8221; background_color_gradient_stops=&#8221;#ffffff 0%|rgba(255,255,255,0.36) 100%&#8221; background_color_gradient_overlays_image=&#8221;on&#8221; background_image=&#8221;https:\/\/www.fbosch.de\/wp-content\/uploads\/2025\/09\/Klinik.webp&#8221; da_disable_devices=&#8221;off|off|off&#8221; global_colors_info=&#8221;{}&#8221; da_is_popup=&#8221;off&#8221; da_exit_intent=&#8221;off&#8221; da_has_close=&#8221;on&#8221; da_alt_close=&#8221;off&#8221; da_dark_close=&#8221;off&#8221; da_not_modal=&#8221;on&#8221; da_is_singular=&#8221;off&#8221; da_with_loader=&#8221;off&#8221; da_has_shadow=&#8221;on&#8221;][et_pb_row column_structure=&#8221;1_2,1_2&#8243; _builder_version=&#8221;4.27.4&#8243; _module_preset=&#8221;default&#8221; global_colors_info=&#8221;{}&#8221;][et_pb_column type=&#8221;1_2&#8243; _builder_version=&#8221;4.27.4&#8243; _module_preset=&#8221;default&#8221; global_colors_info=&#8221;{}&#8221;][et_pb_image src=&#8221;https:\/\/www.fbosch.de\/wp-content\/uploads\/2025\/10\/FBone-Blutdruckmessung-digital.webp&#8221; alt=&#8221;Fbone blood pressure measurement digital&#8221; title_text=&#8221;FBone blood pressure measurement digital&#8221; _builder_version=&#8221;4.27.4&#8243; _module_preset=&#8221;default&#8221; max_height=&#8221;500px&#8221; global_colors_info=&#8221;{}&#8221;][\/et_pb_image][\/et_pb_column][et_pb_column type=&#8221;1_2&#8243; _builder_version=&#8221;4.27.4&#8243; _module_preset=&#8221;default&#8221; global_colors_info=&#8221;{}&#8221;][et_pb_image src=&#8221;https:\/\/www.fbosch.de\/wp-content\/uploads\/2025\/10\/FBone-text.webp&#8221; alt=&#8221;Fbone text&#8221; title_text=&#8221;FBone text&#8221; _builder_version=&#8221;4.27.6&#8243; _module_preset=&#8221;default&#8221; max_height=&#8221;100px&#8221; global_module=&#8221;330&#8243; saved_tabs=&#8221;all&#8221; global_colors_info=&#8221;{}&#8221;][\/et_pb_image][et_pb_text _builder_version=&#8221;4.27.4&#8243; header_4_font=&#8221;Roboto|700||on|||||&#8221; header_4_text_color=&#8221;#ff7145&#8243; header_4_font_size=&#8221;14px&#8221; header_4_letter_spacing=&#8221;2px&#8221; header_4_line_height=&#8221;1.5em&#8221; max_width=&#8221;600px&#8221; header_4_font_size_tablet=&#8221;16px&#8221; header_4_font_size_phone=&#8221;14px&#8221; header_4_font_size_last_edited=&#8221;off|tablet&#8221; locked=&#8221;off&#8221; global_colors_info=&#8221;{}&#8221;]<\/p>\n<h2 class=\"p1\">Digital upper arm blood pressure monitor<\/h2>\n<p>[\/et_pb_text][et_pb_image src=&#8221;https:\/\/www.fbosch.de\/wp-content\/uploads\/2026\/01\/fbosch-logo-medizintechnik.webp&#8221; alt=&#8221;Fbosch logo medizintechnik&#8221; title_text=&#8221;fbosch-logo-medizintechnik&#8221; _builder_version=&#8221;4.27.5&#8243; _module_preset=&#8221;default&#8221; global_colors_info=&#8221;{}&#8221;][\/et_pb_image][\/et_pb_column][\/et_pb_row][\/et_pb_section]<\/p>\n","protected":false},"excerpt":{"rendered":"<p>Digital upper arm blood pressure monitorOver 100 years of blood pressure expertise developed for professionals.Clinically validated according to the high requirements of several international hypertension leaguesUnderstand your resultsDas Display Ihres Digitalen Oberarm-Blutdruckmessger\u00e4ts ist \u00fcbersichtlich aufgebaut und zeigt Ihnen w\u00e4hrend und nach der Messung alle relevanten Informationen auf einen Blick. Neben den gro\u00dfen Ziffern, die den [&hellip;]<\/p>\n","protected":false},"author":1,"featured_media":0,"parent":1457,"menu_order":21,"comment_status":"closed","ping_status":"closed","template":"","meta":{"_et_pb_use_builder":"on","_et_pb_old_content":"","_et_gb_content_width":"","slim_seo":{"title":"FBone - Digital upper arm blood pressure monitor - F. Bosch Medizintechnik","description":"Digital upper arm blood pressure monitor Over 100 years of blood pressure expertise developed for professionals. Clinically validated according to the high requ"},"footnotes":""},"class_list":["post-677","page","type-page","status-publish","hentry"],"_links":{"self":[{"href":"https:\/\/www.fbosch.de\/en\/wp-json\/wp\/v2\/pages\/677","targetHints":{"allow":["GET"]}}],"collection":[{"href":"https:\/\/www.fbosch.de\/en\/wp-json\/wp\/v2\/pages"}],"about":[{"href":"https:\/\/www.fbosch.de\/en\/wp-json\/wp\/v2\/types\/page"}],"author":[{"embeddable":true,"href":"https:\/\/www.fbosch.de\/en\/wp-json\/wp\/v2\/users\/1"}],"replies":[{"embeddable":true,"href":"https:\/\/www.fbosch.de\/en\/wp-json\/wp\/v2\/comments?post=677"}],"version-history":[{"count":5,"href":"https:\/\/www.fbosch.de\/en\/wp-json\/wp\/v2\/pages\/677\/revisions"}],"predecessor-version":[{"id":1475,"href":"https:\/\/www.fbosch.de\/en\/wp-json\/wp\/v2\/pages\/677\/revisions\/1475"}],"up":[{"embeddable":true,"href":"https:\/\/www.fbosch.de\/en\/wp-json\/wp\/v2\/pages\/1457"}],"wp:attachment":[{"href":"https:\/\/www.fbosch.de\/en\/wp-json\/wp\/v2\/media?parent=677"}],"curies":[{"name":"wp","href":"https:\/\/api.w.org\/{rel}","templated":true}]}}